{"id":13470,"date":"2024-09-04T17:32:16","date_gmt":"2024-09-04T15:32:16","guid":{"rendered":"https:\/\/www.nice-pam-hotel.com\/informations-utiles\/"},"modified":"2026-03-24T15:55:42","modified_gmt":"2026-03-24T14:55:42","slug":"useful-information","status":"publish","type":"page","link":"https:\/\/www.nice-pam-hotel.com\/en\/useful-information\/","title":{"rendered":"Useful information"},"content":{"rendered":"<style>.m7-ufaq-list, .m7-ufaq-q {\r\n    font-family: &amp;#039;FuturaPT&amp;#039; !important;\r\n    font-weight: 500 !important;\r\n}<\/style><div  class=\"ewd-ufaq-faq-list ewd-ufaq-page-type-distinct ewd-ufaq-category-tabs-\" id='ewd-ufaq-faq-list'>\n\n\t<input type='hidden' name='show_on_load' value='' id='ewd-ufaq-show-on-load' \/>\n<input type='hidden' name='include_category' value='' id='ewd-ufaq-include-category' \/>\n<input type='hidden' name='exclude_category' value='' id='ewd-ufaq-exclude-category' \/>\n<input type='hidden' name='orderby' value='title' id='ewd-ufaq-orderby' \/>\n<input type='hidden' name='order' value='asc' id='ewd-ufaq-order' \/>\n<input type='hidden' name='post_count' value='-1' id='ewd-ufaq-post-count' \/>\n<input type='hidden' name='current_url' value='\/en\/wp-json\/wp\/v2\/pages\/13470' id='ewd-ufaq-current-url' \/>\n\t\n\t\n\t<div class='ewd-ufaq-faqs'>\n\n\t\t<div  class=\"ewd-ufaq-faq-div ewd-ufaq-faq-column-count-one ewd-ufaq-faq-responsive-columns- ewd-ufaq-faq-display-style-default ewd-ufaq-can-be-toggled\" id='ewd-ufaq-post-17754-90BCjwoWuv' data-post_id='17754'>\n\n\t\t\n\t<div class='ewd-ufaq-faq-title ewd-ufaq-faq-toggle'>\n\t\n\t<a class='ewd-ufaq-post-margin'  href='#' role=\"button\">\n\n\t\t<div class='ewd-ufaq-post-margin-symbol ewd-ufaq-'>\n\t\t\t<span >A<\/span>\n\t\t<\/div>\n\n\t\t<div class='ewd-ufaq-faq-title-text'>\n\n\t\t\t<h4>\n\t\t\t\tWhat excursions can be done from Nice?\t\t\t<\/h4>\n\n\t\t<\/div>\n\n\t\t<div class='ewd-ufaq-clear'><\/div>\n\n\t<\/a>\n\t\n<\/div>\n\t\n\t<div class='ewd-ufaq-faq-body' >\n\n\t\t\n\t\t\t<div class='ewd-ufaq-faq-categories'>\n\t\n\tCategories:\n\t\n\t\tQue faire \u00e0 Nice et aux alentours ?\n\t\n\t\tQuestions g\u00e9n\u00e9rales\n\t\n<\/div>\n\t\t\n\t\t\t<div class='ewd-ufaq-post-margin ewd-ufaq-faq-post'>\n\t<p>The ideal location of the Nice Pam H\u00f4tel allows you to easily explore the entire French Riviera :<\/p>\n<ul>\n<li><strong>\u00c8ze<\/strong> : medieval hilltop village with panoramic sea views<\/li>\n<li><strong>Monaco<\/strong> : the Rock, the casino and the Principality&#8217;s harbour<\/li>\n<li><strong>Villefranche-sur-Mer<\/strong> : remarkable bay, 10 min from Nice<\/li>\n<li><strong>Saint-Jean-Cap-Ferrat<\/strong> : exceptional peninsula and Villa Ephrussi de Rothschild<\/li>\n<li><strong>Antibes &amp; Juan-les-Pins<\/strong> : old town, Port Vauban and beaches<\/li>\n<li><strong>Cannes<\/strong> : the Croisette, the Palais des Festivals and the Forville market<\/li>\n<\/ul>\n<p>Our concierge service can arrange <strong>guided tours and transfers<\/strong> to all these destinations.<\/p>\n<\/div>\n\t\t\n\t\t\t\n\t\t\n\t\t\t\n\t\t\n\t\t\t\n\t\t\n\t\t\t\n\t\t\n\t\t\t\n\t\t\n\t\t\t\n\t\t\n\t\t\t\n\t\t\n\t\t\t\n\t\t\n\t<\/div>\n\n<\/div>\n\t<\/div>\n\n\t\n<\/div>","protected":false},"excerpt":{"rendered":"<p>A What excursions can be done from Nice? Categories: Que faire \u00e0 Nice et aux alentours ? Questions g\u00e9n\u00e9rales The ideal location of the Nice Pam H\u00f4tel allows you to easily explore the entire French Riviera : \u00c8ze : medieval hilltop village with panoramic sea views Monaco : the Rock, the casino and the Principality&#8217;s [&hellip;]<\/p>\n","protected":false},"author":8,"featured_media":13401,"parent":0,"menu_order":0,"comment_status":"closed","ping_status":"closed","template":"","meta":{"_acf_changed":false,"footnotes":""},"class_list":["post-13470","page","type-page","status-publish","has-post-thumbnail","hentry"],"acf":[],"_links":{"self":[{"href":"https:\/\/www.nice-pam-hotel.com\/en\/wp-json\/wp\/v2\/pages\/13470","targetHints":{"allow":["GET"]}}],"collection":[{"href":"https:\/\/www.nice-pam-hotel.com\/en\/wp-json\/wp\/v2\/pages"}],"about":[{"href":"https:\/\/www.nice-pam-hotel.com\/en\/wp-json\/wp\/v2\/types\/page"}],"author":[{"embeddable":true,"href":"https:\/\/www.nice-pam-hotel.com\/en\/wp-json\/wp\/v2\/users\/8"}],"replies":[{"embeddable":true,"href":"https:\/\/www.nice-pam-hotel.com\/en\/wp-json\/wp\/v2\/comments?post=13470"}],"version-history":[{"count":21,"href":"https:\/\/www.nice-pam-hotel.com\/en\/wp-json\/wp\/v2\/pages\/13470\/revisions"}],"predecessor-version":[{"id":17895,"href":"https:\/\/www.nice-pam-hotel.com\/en\/wp-json\/wp\/v2\/pages\/13470\/revisions\/17895"}],"wp:featuredmedia":[{"embeddable":true,"href":"https:\/\/www.nice-pam-hotel.com\/en\/wp-json\/wp\/v2\/media\/13401"}],"wp:attachment":[{"href":"https:\/\/www.nice-pam-hotel.com\/en\/wp-json\/wp\/v2\/media?parent=13470"}],"curies":[{"name":"wp","href":"https:\/\/api.w.org\/{rel}","templated":true}]}}